{"id":18193,"date":"2025-11-23T09:55:34","date_gmt":"2025-11-23T08:55:34","guid":{"rendered":"https:\/\/sklep.zaborek.com.pl\/sklep\/?post_type=product&#038;p=18193"},"modified":"2025-12-01T03:20:19","modified_gmt":"2025-12-01T02:20:19","slug":"nastrojowy-przelom-roku-w-zaborku","status":"publish","type":"product","link":"https:\/\/sklep.zaborek.com.pl\/sklep\/produkt\/nastrojowy-przelom-roku-w-zaborku\/","title":{"rendered":"Nastrojowy Prze\u0142om Roku w Zaborku dla 2 os\u00f3b"},"content":{"rendered":"<p>Przej\u015bcie ze\u00a0Starego do\u00a0Nowego Roku postrzegane jest jako przekroczenie granicy jednego okresu i\u00a0rozpocz\u0119cie innego etapu w\u00a0\u017cyciu cz\u0142owieka. Proponujemy sp\u0119dzi\u0107 ten czas w\u00a0spokoju, tradycyjnie, rodzinnie i\u00a0blisko natury. Zapraszamy do\u00a0nas do\u00a0Pensjonatu \u201eUroczysko Zaborek\u201d.<\/p>\n<p><strong><em>Poni\u017csza oferta dotyczy pobytu dla 2 os\u00f3b w Zaborku natomiast mo\u017cna z niej skorzysta\u0107 rodzinnie dokupuj\u0105c pobyt dla dziecka\/dzieci<\/em><\/strong><\/p>\n<p><strong><em>Pobyt sylwestrowy &#8211; 5 dni (4 noclegi) w terminie od 31 grudnia 2025 r do 4 stycznia 2026 r obejmuje: <\/em><\/strong><\/p>\n<ul>\n<li>4 noclegi ze\u00a0\u015bniadaniami<\/li>\n<li>2 kolacje z\u00a0regionalnymi daniami<\/li>\n<li>1 ognisko z\u00a0grillem i\u00a0pieczeniem ziemniak\u00f3w<\/li>\n<li>1 biesiad\u0119 sylwestrow\u0105 pe\u0142n\u0105 da\u0144 podlaskich oraz\u00a0smako\u0142yk\u00f3w na\u00a0wiejskim i\u00a0s\u0142odkim stole \u2013 z\u00a0muzyk\u0105 w\u00a0tle.<\/li>\n<li>uroczyste powitanie Nowego Roku szampanem przy blasku \u201ezimnych ogni\u201d<\/li>\n<li>ciasta, zaborkowe s\u0142odko\u015bci oraz\u00a0napitki<\/li>\n<\/ul>\n<p>Atrakcje:<\/p>\n<div dir=\"ltr\" data-angle=\"0\" data-font-name=\"g_font_963_0\" data-canvas-width=\"21.9144\">\n<ul>\n<li>przeja\u017cd\u017ck\u0119 saniami lub furmank\u0105 po\u00a0Zaborku i\u00a0okolicznych lasach<\/li>\n<li>ciekawa przeja\u017cd\u017cka \u201estarym farmerskim traktorem\u201d \u2013 wycieczka po\u00a0okolicznych lasach<\/li>\n<li>wieczory bajek i\u00a0malowanek dla najm\u0142odszych<\/li>\n<li>gaw\u0119dy i\u00a0spacer po\u00a0Zaborku z\u00a0przewodnikiem<\/li>\n<li>wizyta w\u00a0chatce krytej strzecha i\u00a0opowie\u015bci \u2013 \u201eJak dawniej \u017cyli ludzie\u201d<\/li>\n<li>degustacj\u0119 lokalnych trunk\u00f3w<\/li>\n<li>nocne wyj\u015bcie z\u00a0pochodniami do\u00a0kamiennego kr\u0119gu \u201eMiejsca Mocy\u201d<\/li>\n<li>odpoczynek w naszym Wiejskim SPA (relaks w Ruskiej Bani lub suchej czy mokrej saunie, k\u0105piel w zewn\u0119trznej \u201egor\u0105cej balii\u201d lub \u201ezimnej beczce\u201d czy \u201ezdrowe oddychanie\u201d przy t\u0119\u017cni<\/li>\n<\/ul>\n<p>&nbsp;<\/p>\n<div dir=\"ltr\" data-angle=\"0\" data-font-name=\"g_font_963_0\" data-canvas-width=\"21.9144\"><strong>UWAGA<\/strong><\/div>\n<div dir=\"ltr\" data-angle=\"0\" data-font-name=\"g_font_963_0\" data-canvas-width=\"21.9144\">\n<ul>\n<li>Oferta dotyczy pobyt\u00f3w w\u00a0pokojach Standard typu twin z\u00a0mo\u017cliwo\u015bci\u0105 zrobienia dostawek dla dzieci<\/li>\n<li>Dzieci do\u00a03 roku gratis.<\/li>\n<li>Bezp\u0142atne Wi-Fi i\u00a0miejsce postojowe.<\/li>\n<li>Mo\u017cliwo\u015b\u0107 \u0142adowania samochod\u00f3w elektrycznych<\/li>\n<\/ul>\n<\/div>\n<p>Szczeg\u00f3\u0142y oferty: <span style=\"color: #ff0000;\"><strong><a style=\"color: #ff0000;\" href=\"https:\/\/www.zaborek.com.pl\/miejsce-z-klimatem\/project\/sylwester-w-zaborku\/\">Miedzy cisz\u0105 a Nowym Rokiem<\/a><\/strong><\/span><\/p>\n<p><strong>Voucher wy\u015blemy droga mailow\u0105 lub listownie po 10 grudnia.<\/strong><\/p>\n<\/div>\n","protected":false},"excerpt":{"rendered":"<p>Przej\u015bcie ze\u00a0Starego do\u00a0Nowego Roku postrzegane jest jako przekroczenie granicy jednego okresu i\u00a0rozpocz\u0119cie innego etapu w\u00a0\u017cyciu cz\u0142owieka. Proponujemy sp\u0119dzi\u0107 ten czas w\u00a0spokoju, tradycyjnie, rodzinnie i\u00a0blisko natury. Zapraszamy do\u00a0nas do\u00a0Pensjonatu \u201eUroczysko Zaborek\u201d. Poni\u017csza oferta dotyczy pobytu dla 2 os\u00f3b w Zaborku natomiast mo\u017cna z niej skorzysta\u0107 rodzinnie dokupuj\u0105c pobyt dla dziecka\/dzieci Pobyt sylwestrowy &#8211; 5 dni (4 noclegi) w terminie od 31 grudnia 2025 r do 4 stycznia 2026 r obejmuje: 4 noclegi ze\u00a0\u015bniadaniami 2 kolacje z\u00a0regionalnymi daniami 1 ognisko z\u00a0grillem i\u00a0pieczeniem ziemniak\u00f3w 1 biesiad\u0119 sylwestrow\u0105 pe\u0142n\u0105 da\u0144 podlaskich oraz\u00a0smako\u0142yk\u00f3w na\u00a0wiejskim i\u00a0s\u0142odkim stole \u2013 z\u00a0muzyk\u0105 w\u00a0tle. uroczyste powitanie Nowego Roku szampanem przy blasku \u201ezimnych ogni\u201d ciasta, zaborkowe s\u0142odko\u015bci oraz\u00a0napitki Atrakcje: przeja\u017cd\u017ck\u0119 saniami lub furmank\u0105 po\u00a0Zaborku i\u00a0okolicznych lasach ciekawa przeja\u017cd\u017cka \u201estarym farmerskim traktorem\u201d \u2013 wycieczka po\u00a0okolicznych lasach wieczory bajek i\u00a0malowanek dla najm\u0142odszych gaw\u0119dy i\u00a0spacer po\u00a0Zaborku z\u00a0przewodnikiem wizyta w\u00a0chatce krytej strzecha i\u00a0opowie\u015bci \u2013 \u201eJak dawniej \u017cyli ludzie\u201d degustacj\u0119 lokalnych trunk\u00f3w nocne wyj\u015bcie z\u00a0pochodniami do\u00a0kamiennego kr\u0119gu \u201eMiejsca Mocy\u201d odpoczynek w naszym Wiejskim SPA (relaks w Ruskiej Bani lub suchej czy mokrej saunie, k\u0105piel w zewn\u0119trznej \u201egor\u0105cej balii\u201d lub \u201ezimnej beczce\u201d czy \u201ezdrowe oddychanie\u201d przy t\u0119\u017cni &nbsp; UWAGA Oferta dotyczy pobyt\u00f3w w\u00a0pokojach Standard typu twin z\u00a0mo\u017cliwo\u015bci\u0105 zrobienia dostawek dla dzieci Dzieci do\u00a03 roku gratis. Bezp\u0142atne Wi-Fi&hellip; <a class=\"read-more-link\" href=\"https:\/\/sklep.zaborek.com.pl\/sklep\/produkt\/nastrojowy-przelom-roku-w-zaborku\/\">Read More<\/a><\/p>\n","protected":false},"featured_media":18194,"template":"","meta":[],"product_brand":[],"product_cat":[43],"product_tag":[621,626,622,627,623,624,625],"class_list":{"0":"post-18193","1":"product","2":"type-product","3":"status-publish","4":"has-post-thumbnail","6":"product_cat-bony","7":"product_tag-azyl-na-przelom-roku","8":"product_tag-janow-podlaski","9":"product_tag-miedzy-cisza-a-nowym-rokiem","10":"product_tag-podlasie","11":"product_tag-sylwester","12":"product_tag-ustronne-powitanie-nowego-roku","13":"product_tag-zaborek","16":"first","17":"instock","18":"virtual","19":"sold-individually","20":"taxable","21":"purchasable","22":"product-type-simple"},"aioseo_notices":[],"_links":{"self":[{"href":"https:\/\/sklep.zaborek.com.pl\/sklep\/wp-json\/wp\/v2\/product\/18193","targetHints":{"allow":["GET"]}}],"collection":[{"href":"https:\/\/sklep.zaborek.com.pl\/sklep\/wp-json\/wp\/v2\/product"}],"about":[{"href":"https:\/\/sklep.zaborek.com.pl\/sklep\/wp-json\/wp\/v2\/types\/product"}],"wp:featuredmedia":[{"embeddable":true,"href":"https:\/\/sklep.zaborek.com.pl\/sklep\/wp-json\/wp\/v2\/media\/18194"}],"wp:attachment":[{"href":"https:\/\/sklep.zaborek.com.pl\/sklep\/wp-json\/wp\/v2\/media?parent=18193"}],"wp:term":[{"taxonomy":"product_brand","embeddable":true,"href":"https:\/\/sklep.zaborek.com.pl\/sklep\/wp-json\/wp\/v2\/product_brand?post=18193"},{"taxonomy":"product_cat","embeddable":true,"href":"https:\/\/sklep.zaborek.com.pl\/sklep\/wp-json\/wp\/v2\/product_cat?post=18193"},{"taxonomy":"product_tag","embeddable":true,"href":"https:\/\/sklep.zaborek.com.pl\/sklep\/wp-json\/wp\/v2\/product_tag?post=18193"}],"curies":[{"name":"wp","href":"https:\/\/api.w.org\/{rel}","templated":true}]}}