{"id":18177,"date":"2025-11-23T15:00:14","date_gmt":"2025-11-23T14:00:14","guid":{"rendered":"https:\/\/sklep.zaborek.com.pl\/sklep\/?post_type=product&#038;p=18177"},"modified":"2025-12-08T04:07:08","modified_gmt":"2025-12-08T03:07:08","slug":"voucher-na-weekendowy-pobyt","status":"publish","type":"product","link":"https:\/\/sklep.zaborek.com.pl\/sklep\/produkt\/voucher-na-weekendowy-pobyt\/","title":{"rendered":"Voucher na weekendowy pobyt"},"content":{"rendered":"<p><strong>Voucher na weekendowy pobyt dla 2 os.<\/strong><\/p>\n<p>w cenie:<\/p>\n<ul>\n<li>zakwaterowanie w pokoju 2 os. typu standard<\/li>\n<li>2 \u015bniadania<\/li>\n<li>2 kolacje<\/li>\n<li>wst\u0119p do strefy &#8222;Wiejskiego Spa&#8221; &#8211; sauna parowa, aromatyczna, ruska bania, balie z gor\u0105cymi wodami<\/li>\n<\/ul>\n<p>Pobytu z dzieckiem do lat 3 gratis lub ze starszym za dodatkow\u0105 op\u0142at\u0105<\/p>\n<p>Voucher do wykorzystania przez 6 miesi\u0119cy (<em>nie dotyczy \u015awi\u0105t, Sylwestra oraz \u00a0d\u0142ugich weekend\u00f3w<\/em>)<\/p>\n<p><strong>Voucher wy\u015blemy droga mailow\u0105 lub listownie po 10 grudnia.<\/strong><\/p>\n","protected":false},"excerpt":{"rendered":"<p>Voucher na weekendowy pobyt dla 2 os. w cenie: zakwaterowanie w pokoju 2 os. typu standard 2 \u015bniadania 2 kolacje wst\u0119p do strefy &#8222;Wiejskiego Spa&#8221; &#8211; sauna parowa, aromatyczna, ruska bania, balie z gor\u0105cymi wodami Pobytu z dzieckiem do lat 3 gratis lub ze starszym za dodatkow\u0105 op\u0142at\u0105 Voucher do wykorzystania przez 6 miesi\u0119cy (nie dotyczy \u015awi\u0105t, Sylwestra oraz \u00a0d\u0142ugich weekend\u00f3w) Voucher wy\u015blemy droga mailow\u0105 lub listownie po 10 grudnia.<\/p>\n","protected":false},"featured_media":18178,"template":"","meta":[],"product_brand":[],"product_cat":[43],"product_tag":[],"class_list":{"0":"post-18177","1":"product","2":"type-product","3":"status-publish","4":"has-post-thumbnail","6":"product_cat-bony","9":"first","10":"instock","11":"virtual","12":"taxable","13":"purchasable","14":"product-type-simple"},"aioseo_notices":[],"_links":{"self":[{"href":"https:\/\/sklep.zaborek.com.pl\/sklep\/wp-json\/wp\/v2\/product\/18177","targetHints":{"allow":["GET"]}}],"collection":[{"href":"https:\/\/sklep.zaborek.com.pl\/sklep\/wp-json\/wp\/v2\/product"}],"about":[{"href":"https:\/\/sklep.zaborek.com.pl\/sklep\/wp-json\/wp\/v2\/types\/product"}],"wp:featuredmedia":[{"embeddable":true,"href":"https:\/\/sklep.zaborek.com.pl\/sklep\/wp-json\/wp\/v2\/media\/18178"}],"wp:attachment":[{"href":"https:\/\/sklep.zaborek.com.pl\/sklep\/wp-json\/wp\/v2\/media?parent=18177"}],"wp:term":[{"taxonomy":"product_brand","embeddable":true,"href":"https:\/\/sklep.zaborek.com.pl\/sklep\/wp-json\/wp\/v2\/product_brand?post=18177"},{"taxonomy":"product_cat","embeddable":true,"href":"https:\/\/sklep.zaborek.com.pl\/sklep\/wp-json\/wp\/v2\/product_cat?post=18177"},{"taxonomy":"product_tag","embeddable":true,"href":"https:\/\/sklep.zaborek.com.pl\/sklep\/wp-json\/wp\/v2\/product_tag?post=18177"}],"curies":[{"name":"wp","href":"https:\/\/api.w.org\/{rel}","templated":true}]}}