{"id":16826,"date":"2023-03-21T21:16:37","date_gmt":"2023-03-21T20:16:37","guid":{"rendered":"https:\/\/sklep.zaborek.com.pl\/sklep\/?post_type=product&#038;p=16826"},"modified":"2026-03-31T16:35:43","modified_gmt":"2026-03-31T14:35:43","slug":"zrazy-podlaskie-2","status":"publish","type":"product","link":"https:\/\/sklep.zaborek.com.pl\/sklep\/produkt\/zrazy-podlaskie-2\/","title":{"rendered":"Zrazy podlaskie 0,9l &#8211; 6 szt."},"content":{"rendered":"","protected":false},"excerpt":{"rendered":"<p>Zrazy podlaskie 0,9l. (6 szt.)<\/p>\n<p>sk\u0142ad: schab, papryka konserwowa, og\u00f3rki kiszone, cebula, boczek, sos pieczeniowy, woda, olej, s\u00f3l, pieprz<\/p>\n","protected":false},"featured_media":17646,"template":"","meta":[],"product_brand":[],"product_cat":[603],"product_tag":[430],"class_list":{"0":"post-16826","1":"product","2":"type-product","3":"status-publish","4":"has-post-thumbnail","6":"product_cat-oferta-wielkanocna-2026","7":"product_tag-zrazy-podlaskie","10":"first","11":"outofstock","12":"featured","13":"taxable","14":"shipping-taxable","15":"purchasable","16":"product-type-simple"},"aioseo_notices":[],"_links":{"self":[{"href":"https:\/\/sklep.zaborek.com.pl\/sklep\/wp-json\/wp\/v2\/product\/16826","targetHints":{"allow":["GET"]}}],"collection":[{"href":"https:\/\/sklep.zaborek.com.pl\/sklep\/wp-json\/wp\/v2\/product"}],"about":[{"href":"https:\/\/sklep.zaborek.com.pl\/sklep\/wp-json\/wp\/v2\/types\/product"}],"wp:featuredmedia":[{"embeddable":true,"href":"https:\/\/sklep.zaborek.com.pl\/sklep\/wp-json\/wp\/v2\/media\/17646"}],"wp:attachment":[{"href":"https:\/\/sklep.zaborek.com.pl\/sklep\/wp-json\/wp\/v2\/media?parent=16826"}],"wp:term":[{"taxonomy":"product_brand","embeddable":true,"href":"https:\/\/sklep.zaborek.com.pl\/sklep\/wp-json\/wp\/v2\/product_brand?post=16826"},{"taxonomy":"product_cat","embeddable":true,"href":"https:\/\/sklep.zaborek.com.pl\/sklep\/wp-json\/wp\/v2\/product_cat?post=16826"},{"taxonomy":"product_tag","embeddable":true,"href":"https:\/\/sklep.zaborek.com.pl\/sklep\/wp-json\/wp\/v2\/product_tag?post=16826"}],"curies":[{"name":"wp","href":"https:\/\/api.w.org\/{rel}","templated":true}]}}