{"id":16823,"date":"2023-03-21T20:54:21","date_gmt":"2023-03-21T19:54:21","guid":{"rendered":"https:\/\/sklep.zaborek.com.pl\/sklep\/?post_type=product&#038;p=16823"},"modified":"2026-03-31T16:35:51","modified_gmt":"2026-03-31T14:35:51","slug":"zurek-wielkanocny-z-biala-kielbasa","status":"publish","type":"product","link":"https:\/\/sklep.zaborek.com.pl\/sklep\/produkt\/zurek-wielkanocny-z-biala-kielbasa\/","title":{"rendered":"\u017burek Wielkanocny z bia\u0142\u0105 kie\u0142bas\u0105 0,9l"},"content":{"rendered":"","protected":false},"excerpt":{"rendered":"<p>\u017burek Wielkanocny z bia\u0142\u0105 kie\u0142bas\u0105 &#8211; 0.9 l<\/p>\n","protected":false},"featured_media":13917,"template":"","meta":[],"product_brand":[],"product_cat":[603],"product_tag":[555],"class_list":{"0":"post-16823","1":"product","2":"type-product","3":"status-publish","4":"has-post-thumbnail","6":"product_cat-oferta-wielkanocna-2026","7":"product_tag-zurek-wielkanocny","10":"first","11":"outofstock","12":"featured","13":"taxable","14":"shipping-taxable","15":"purchasable","16":"product-type-simple"},"aioseo_notices":[],"_links":{"self":[{"href":"https:\/\/sklep.zaborek.com.pl\/sklep\/wp-json\/wp\/v2\/product\/16823","targetHints":{"allow":["GET"]}}],"collection":[{"href":"https:\/\/sklep.zaborek.com.pl\/sklep\/wp-json\/wp\/v2\/product"}],"about":[{"href":"https:\/\/sklep.zaborek.com.pl\/sklep\/wp-json\/wp\/v2\/types\/product"}],"wp:featuredmedia":[{"embeddable":true,"href":"https:\/\/sklep.zaborek.com.pl\/sklep\/wp-json\/wp\/v2\/media\/13917"}],"wp:attachment":[{"href":"https:\/\/sklep.zaborek.com.pl\/sklep\/wp-json\/wp\/v2\/media?parent=16823"}],"wp:term":[{"taxonomy":"product_brand","embeddable":true,"href":"https:\/\/sklep.zaborek.com.pl\/sklep\/wp-json\/wp\/v2\/product_brand?post=16823"},{"taxonomy":"product_cat","embeddable":true,"href":"https:\/\/sklep.zaborek.com.pl\/sklep\/wp-json\/wp\/v2\/product_cat?post=16823"},{"taxonomy":"product_tag","embeddable":true,"href":"https:\/\/sklep.zaborek.com.pl\/sklep\/wp-json\/wp\/v2\/product_tag?post=16823"}],"curies":[{"name":"wp","href":"https:\/\/api.w.org\/{rel}","templated":true}]}}