{"id":15017,"date":"2022-04-04T13:24:47","date_gmt":"2022-04-04T11:24:47","guid":{"rendered":"https:\/\/sklep.zaborek.com.pl\/sklep\/?post_type=product&#038;p=15017"},"modified":"2026-03-31T16:36:39","modified_gmt":"2026-03-31T14:36:39","slug":"rolada-ze-schabu","status":"publish","type":"product","link":"https:\/\/sklep.zaborek.com.pl\/sklep\/produkt\/rolada-ze-schabu\/","title":{"rendered":"Rolada ze schabu z bia\u0142\u0105 kie\u0142bas\u0105 0,5kg"},"content":{"rendered":"","protected":false},"excerpt":{"rendered":"<p>Rolada ze schabu z bia\u0142\u0105 kie\u0142bas\u0105 0,5kg<\/p>\n<p>sk\u0142ad: schab, por, bia\u0142a kie\u0142basa, boczek, s\u00f3l pieprz<\/p>\n","protected":false},"featured_media":15018,"template":"","meta":[],"product_brand":[],"product_cat":[603],"product_tag":[463],"class_list":{"0":"post-15017","1":"product","2":"type-product","3":"status-publish","4":"has-post-thumbnail","6":"product_cat-oferta-wielkanocna-2026","7":"product_tag-rolada-ze-schabu-z-biala-kielbasa","10":"first","11":"outofstock","12":"featured","13":"taxable","14":"shipping-taxable","15":"purchasable","16":"product-type-simple"},"aioseo_notices":[],"_links":{"self":[{"href":"https:\/\/sklep.zaborek.com.pl\/sklep\/wp-json\/wp\/v2\/product\/15017","targetHints":{"allow":["GET"]}}],"collection":[{"href":"https:\/\/sklep.zaborek.com.pl\/sklep\/wp-json\/wp\/v2\/product"}],"about":[{"href":"https:\/\/sklep.zaborek.com.pl\/sklep\/wp-json\/wp\/v2\/types\/product"}],"wp:featuredmedia":[{"embeddable":true,"href":"https:\/\/sklep.zaborek.com.pl\/sklep\/wp-json\/wp\/v2\/media\/15018"}],"wp:attachment":[{"href":"https:\/\/sklep.zaborek.com.pl\/sklep\/wp-json\/wp\/v2\/media?parent=15017"}],"wp:term":[{"taxonomy":"product_brand","embeddable":true,"href":"https:\/\/sklep.zaborek.com.pl\/sklep\/wp-json\/wp\/v2\/product_brand?post=15017"},{"taxonomy":"product_cat","embeddable":true,"href":"https:\/\/sklep.zaborek.com.pl\/sklep\/wp-json\/wp\/v2\/product_cat?post=15017"},{"taxonomy":"product_tag","embeddable":true,"href":"https:\/\/sklep.zaborek.com.pl\/sklep\/wp-json\/wp\/v2\/product_tag?post=15017"}],"curies":[{"name":"wp","href":"https:\/\/api.w.org\/{rel}","templated":true}]}}