{"id":15015,"date":"2022-04-04T13:12:02","date_gmt":"2022-04-04T11:12:02","guid":{"rendered":"https:\/\/sklep.zaborek.com.pl\/sklep\/?post_type=product&#038;p=15015"},"modified":"2026-03-31T16:36:47","modified_gmt":"2026-03-31T14:36:47","slug":"jaskolcze_gniazdo","status":"publish","type":"product","link":"https:\/\/sklep.zaborek.com.pl\/sklep\/produkt\/jaskolcze_gniazdo\/","title":{"rendered":"Jask\u00f3\u0142cze gniazdo 4szt"},"content":{"rendered":"","protected":false},"excerpt":{"rendered":"<p>Jask\u00f3\u0142cze gniazdo 4 szt. (ok.800g)<\/p>\n<p>sk\u0142ad: jako, schab, bu\u0142ka tarta, jajko, olej, s\u00f3l, pieprz<\/p>\n","protected":false},"featured_media":15016,"template":"","meta":[],"product_brand":[],"product_cat":[603],"product_tag":[451],"class_list":{"0":"post-15015","1":"product","2":"type-product","3":"status-publish","4":"has-post-thumbnail","6":"product_cat-oferta-wielkanocna-2026","7":"product_tag-jaskolcze-gniazdo","10":"first","11":"outofstock","12":"featured","13":"taxable","14":"shipping-taxable","15":"purchasable","16":"product-type-simple"},"aioseo_notices":[],"_links":{"self":[{"href":"https:\/\/sklep.zaborek.com.pl\/sklep\/wp-json\/wp\/v2\/product\/15015","targetHints":{"allow":["GET"]}}],"collection":[{"href":"https:\/\/sklep.zaborek.com.pl\/sklep\/wp-json\/wp\/v2\/product"}],"about":[{"href":"https:\/\/sklep.zaborek.com.pl\/sklep\/wp-json\/wp\/v2\/types\/product"}],"wp:featuredmedia":[{"embeddable":true,"href":"https:\/\/sklep.zaborek.com.pl\/sklep\/wp-json\/wp\/v2\/media\/15016"}],"wp:attachment":[{"href":"https:\/\/sklep.zaborek.com.pl\/sklep\/wp-json\/wp\/v2\/media?parent=15015"}],"wp:term":[{"taxonomy":"product_brand","embeddable":true,"href":"https:\/\/sklep.zaborek.com.pl\/sklep\/wp-json\/wp\/v2\/product_brand?post=15015"},{"taxonomy":"product_cat","embeddable":true,"href":"https:\/\/sklep.zaborek.com.pl\/sklep\/wp-json\/wp\/v2\/product_cat?post=15015"},{"taxonomy":"product_tag","embeddable":true,"href":"https:\/\/sklep.zaborek.com.pl\/sklep\/wp-json\/wp\/v2\/product_tag?post=15015"}],"curies":[{"name":"wp","href":"https:\/\/api.w.org\/{rel}","templated":true}]}}