{"id":15013,"date":"2022-04-04T12:50:50","date_gmt":"2022-04-04T10:50:50","guid":{"rendered":"https:\/\/sklep.zaborek.com.pl\/sklep\/?post_type=product&#038;p=15013"},"modified":"2026-03-31T16:36:53","modified_gmt":"2026-03-31T14:36:53","slug":"biala-kielbasa-w-piwie-z-rodzynkami","status":"publish","type":"product","link":"https:\/\/sklep.zaborek.com.pl\/sklep\/produkt\/biala-kielbasa-w-piwie-z-rodzynkami\/","title":{"rendered":"Bia\u0142a kie\u0142basa w piwie z rodzynkami 0,9l"},"content":{"rendered":"","protected":false},"excerpt":{"rendered":"<p>Bia\u0142a kie\u0142basa w piwie z rodzynkami 0.9l<\/p>\n<p>sk\u0142ad: bia\u0142a kie\u0142basa, piwo, rodzynki, cebula, musztarda, mi\u00f3d<\/p>\n","protected":false},"featured_media":15014,"template":"","meta":[],"product_brand":[],"product_cat":[603],"product_tag":[450],"class_list":{"0":"post-15013","1":"product","2":"type-product","3":"status-publish","4":"has-post-thumbnail","6":"product_cat-oferta-wielkanocna-2026","7":"product_tag-biala-kielbasa-w-piwie-z-rodzynkami","10":"first","11":"outofstock","12":"featured","13":"taxable","14":"shipping-taxable","15":"purchasable","16":"product-type-simple"},"aioseo_notices":[],"_links":{"self":[{"href":"https:\/\/sklep.zaborek.com.pl\/sklep\/wp-json\/wp\/v2\/product\/15013","targetHints":{"allow":["GET"]}}],"collection":[{"href":"https:\/\/sklep.zaborek.com.pl\/sklep\/wp-json\/wp\/v2\/product"}],"about":[{"href":"https:\/\/sklep.zaborek.com.pl\/sklep\/wp-json\/wp\/v2\/types\/product"}],"wp:featuredmedia":[{"embeddable":true,"href":"https:\/\/sklep.zaborek.com.pl\/sklep\/wp-json\/wp\/v2\/media\/15014"}],"wp:attachment":[{"href":"https:\/\/sklep.zaborek.com.pl\/sklep\/wp-json\/wp\/v2\/media?parent=15013"}],"wp:term":[{"taxonomy":"product_brand","embeddable":true,"href":"https:\/\/sklep.zaborek.com.pl\/sklep\/wp-json\/wp\/v2\/product_brand?post=15013"},{"taxonomy":"product_cat","embeddable":true,"href":"https:\/\/sklep.zaborek.com.pl\/sklep\/wp-json\/wp\/v2\/product_cat?post=15013"},{"taxonomy":"product_tag","embeddable":true,"href":"https:\/\/sklep.zaborek.com.pl\/sklep\/wp-json\/wp\/v2\/product_tag?post=15013"}],"curies":[{"name":"wp","href":"https:\/\/api.w.org\/{rel}","templated":true}]}}