{"id":13065,"date":"2022-02-01T18:48:53","date_gmt":"2022-02-01T17:48:53","guid":{"rendered":"https:\/\/sklep.zaborek.com.pl\/sklep\/?post_type=product&#038;p=13065"},"modified":"2022-11-30T08:42:50","modified_gmt":"2022-11-30T07:42:50","slug":"herbata-ziolowy-detoks","status":"publish","type":"product","link":"https:\/\/sklep.zaborek.com.pl\/sklep\/produkt\/herbata-ziolowy-detoks\/","title":{"rendered":"Herbata zio\u0142owy detoks"},"content":{"rendered":"","protected":false},"excerpt":{"rendered":"<p>li\u015b\u0107 pokrzywy, perz k\u0142\u0105cze, brzoza li\u015b\u0107, carnica li\u015b\u0107, poziomka li\u015b\u0107, owoc jarz\u0119biny, owoc czarnego bzu, uczep ziele, k\u0142\u0105cze pi\u0119ciornika kurzego ziela, wrzos kwiat, karczoch ziele<\/p>\n","protected":false},"featured_media":13070,"template":"","meta":[],"product_brand":[],"product_cat":[355],"product_tag":[361],"class_list":{"0":"post-13065","1":"product","2":"type-product","3":"status-publish","4":"has-post-thumbnail","6":"product_cat-herbaty-na-rozne-okazje","7":"product_tag-ziolowy-detoks","10":"first","11":"instock","12":"taxable","13":"shipping-taxable","14":"purchasable","15":"product-type-variable","16":"has-default-attributes"},"aioseo_notices":[],"_links":{"self":[{"href":"https:\/\/sklep.zaborek.com.pl\/sklep\/wp-json\/wp\/v2\/product\/13065","targetHints":{"allow":["GET"]}}],"collection":[{"href":"https:\/\/sklep.zaborek.com.pl\/sklep\/wp-json\/wp\/v2\/product"}],"about":[{"href":"https:\/\/sklep.zaborek.com.pl\/sklep\/wp-json\/wp\/v2\/types\/product"}],"wp:featuredmedia":[{"embeddable":true,"href":"https:\/\/sklep.zaborek.com.pl\/sklep\/wp-json\/wp\/v2\/media\/13070"}],"wp:attachment":[{"href":"https:\/\/sklep.zaborek.com.pl\/sklep\/wp-json\/wp\/v2\/media?parent=13065"}],"wp:term":[{"taxonomy":"product_brand","embeddable":true,"href":"https:\/\/sklep.zaborek.com.pl\/sklep\/wp-json\/wp\/v2\/product_brand?post=13065"},{"taxonomy":"product_cat","embeddable":true,"href":"https:\/\/sklep.zaborek.com.pl\/sklep\/wp-json\/wp\/v2\/product_cat?post=13065"},{"taxonomy":"product_tag","embeddable":true,"href":"https:\/\/sklep.zaborek.com.pl\/sklep\/wp-json\/wp\/v2\/product_tag?post=13065"}],"curies":[{"name":"wp","href":"https:\/\/api.w.org\/{rel}","templated":true}]}}