{"id":13060,"date":"2022-02-01T18:43:24","date_gmt":"2022-02-01T17:43:24","guid":{"rendered":"https:\/\/sklep.zaborek.com.pl\/sklep\/?post_type=product&#038;p=13060"},"modified":"2022-11-30T08:43:38","modified_gmt":"2022-11-30T07:43:38","slug":"herbata-spokojna-glowa","status":"publish","type":"product","link":"https:\/\/sklep.zaborek.com.pl\/sklep\/produkt\/herbata-spokojna-glowa\/","title":{"rendered":"Herbata spokojna g\u0142owa"},"content":{"rendered":"","protected":false},"excerpt":{"rendered":"<p>g\u0142\u00f3g owoc, k\u0142\u0105cze koz\u0142ka, li\u015b\u0107 melisy, ziele serdecznika, ziele nostrzyka, ziele krwawnika, kwiat wrzosu, chmiel szyszki, p\u0142atki r\u00f3\u017cy<\/p>\n","protected":false},"featured_media":13063,"template":"","meta":[],"product_brand":[],"product_cat":[355],"product_tag":[359],"class_list":{"0":"post-13060","1":"product","2":"type-product","3":"status-publish","4":"has-post-thumbnail","6":"product_cat-herbaty-na-rozne-okazje","7":"product_tag-herbata-spokojna-glowa","10":"first","11":"instock","12":"taxable","13":"shipping-taxable","14":"purchasable","15":"product-type-variable","16":"has-default-attributes"},"aioseo_notices":[],"_links":{"self":[{"href":"https:\/\/sklep.zaborek.com.pl\/sklep\/wp-json\/wp\/v2\/product\/13060","targetHints":{"allow":["GET"]}}],"collection":[{"href":"https:\/\/sklep.zaborek.com.pl\/sklep\/wp-json\/wp\/v2\/product"}],"about":[{"href":"https:\/\/sklep.zaborek.com.pl\/sklep\/wp-json\/wp\/v2\/types\/product"}],"wp:featuredmedia":[{"embeddable":true,"href":"https:\/\/sklep.zaborek.com.pl\/sklep\/wp-json\/wp\/v2\/media\/13063"}],"wp:attachment":[{"href":"https:\/\/sklep.zaborek.com.pl\/sklep\/wp-json\/wp\/v2\/media?parent=13060"}],"wp:term":[{"taxonomy":"product_brand","embeddable":true,"href":"https:\/\/sklep.zaborek.com.pl\/sklep\/wp-json\/wp\/v2\/product_brand?post=13060"},{"taxonomy":"product_cat","embeddable":true,"href":"https:\/\/sklep.zaborek.com.pl\/sklep\/wp-json\/wp\/v2\/product_cat?post=13060"},{"taxonomy":"product_tag","embeddable":true,"href":"https:\/\/sklep.zaborek.com.pl\/sklep\/wp-json\/wp\/v2\/product_tag?post=13060"}],"curies":[{"name":"wp","href":"https:\/\/api.w.org\/{rel}","templated":true}]}}