{"id":13054,"date":"2022-02-01T18:35:18","date_gmt":"2022-02-01T17:35:18","guid":{"rendered":"https:\/\/sklep.zaborek.com.pl\/sklep\/?post_type=product&#038;p=13054"},"modified":"2022-11-30T08:44:15","modified_gmt":"2022-11-30T07:44:15","slug":"herbata-dobry-nastroj","status":"publish","type":"product","link":"https:\/\/sklep.zaborek.com.pl\/sklep\/produkt\/herbata-dobry-nastroj\/","title":{"rendered":"Herbata dobry nastr\u00f3j"},"content":{"rendered":"","protected":false},"excerpt":{"rendered":"<p>Imbir, li\u015b\u0107 melisy, owoc pigwowca, trawa cytrynowa, werbena cytrynowa, kocimi\u0119tka ziele, owoc dzikiej r\u00f3\u017cy, p\u0142atki r\u00f3\u017cy<\/p>\n","protected":false},"featured_media":13058,"template":"","meta":[],"product_brand":[],"product_cat":[355],"product_tag":[358],"class_list":{"0":"post-13054","1":"product","2":"type-product","3":"status-publish","4":"has-post-thumbnail","6":"product_cat-herbaty-na-rozne-okazje","7":"product_tag-herbata-dobry-nastroj","10":"first","11":"instock","12":"taxable","13":"shipping-taxable","14":"purchasable","15":"product-type-variable","16":"has-default-attributes"},"aioseo_notices":[],"_links":{"self":[{"href":"https:\/\/sklep.zaborek.com.pl\/sklep\/wp-json\/wp\/v2\/product\/13054","targetHints":{"allow":["GET"]}}],"collection":[{"href":"https:\/\/sklep.zaborek.com.pl\/sklep\/wp-json\/wp\/v2\/product"}],"about":[{"href":"https:\/\/sklep.zaborek.com.pl\/sklep\/wp-json\/wp\/v2\/types\/product"}],"wp:featuredmedia":[{"embeddable":true,"href":"https:\/\/sklep.zaborek.com.pl\/sklep\/wp-json\/wp\/v2\/media\/13058"}],"wp:attachment":[{"href":"https:\/\/sklep.zaborek.com.pl\/sklep\/wp-json\/wp\/v2\/media?parent=13054"}],"wp:term":[{"taxonomy":"product_brand","embeddable":true,"href":"https:\/\/sklep.zaborek.com.pl\/sklep\/wp-json\/wp\/v2\/product_brand?post=13054"},{"taxonomy":"product_cat","embeddable":true,"href":"https:\/\/sklep.zaborek.com.pl\/sklep\/wp-json\/wp\/v2\/product_cat?post=13054"},{"taxonomy":"product_tag","embeddable":true,"href":"https:\/\/sklep.zaborek.com.pl\/sklep\/wp-json\/wp\/v2\/product_tag?post=13054"}],"curies":[{"name":"wp","href":"https:\/\/api.w.org\/{rel}","templated":true}]}}