{"id":13049,"date":"2022-02-01T18:27:18","date_gmt":"2022-02-01T17:27:18","guid":{"rendered":"https:\/\/sklep.zaborek.com.pl\/sklep\/?post_type=product&#038;p=13049"},"modified":"2022-11-30T08:45:02","modified_gmt":"2022-11-30T07:45:02","slug":"herbata-zdrowy-sen","status":"publish","type":"product","link":"https:\/\/sklep.zaborek.com.pl\/sklep\/produkt\/herbata-zdrowy-sen\/","title":{"rendered":"Herbata zdrowy sen"},"content":{"rendered":"","protected":false},"excerpt":{"rendered":"<p>Owoc: dzikiej r\u00f3\u017cy, g\u0142ogu, li\u015b\u0107 melisy, chmiel szyszki, koper w\u0142oski, kwiat lawanedy<\/p>\n","protected":false},"featured_media":13053,"template":"","meta":[],"product_brand":[],"product_cat":[355],"product_tag":[357],"class_list":{"0":"post-13049","1":"product","2":"type-product","3":"status-publish","4":"has-post-thumbnail","6":"product_cat-herbaty-na-rozne-okazje","7":"product_tag-herbata-zdrowy-sen","10":"first","11":"instock","12":"taxable","13":"shipping-taxable","14":"purchasable","15":"product-type-variable","16":"has-default-attributes"},"aioseo_notices":[],"_links":{"self":[{"href":"https:\/\/sklep.zaborek.com.pl\/sklep\/wp-json\/wp\/v2\/product\/13049","targetHints":{"allow":["GET"]}}],"collection":[{"href":"https:\/\/sklep.zaborek.com.pl\/sklep\/wp-json\/wp\/v2\/product"}],"about":[{"href":"https:\/\/sklep.zaborek.com.pl\/sklep\/wp-json\/wp\/v2\/types\/product"}],"wp:featuredmedia":[{"embeddable":true,"href":"https:\/\/sklep.zaborek.com.pl\/sklep\/wp-json\/wp\/v2\/media\/13053"}],"wp:attachment":[{"href":"https:\/\/sklep.zaborek.com.pl\/sklep\/wp-json\/wp\/v2\/media?parent=13049"}],"wp:term":[{"taxonomy":"product_brand","embeddable":true,"href":"https:\/\/sklep.zaborek.com.pl\/sklep\/wp-json\/wp\/v2\/product_brand?post=13049"},{"taxonomy":"product_cat","embeddable":true,"href":"https:\/\/sklep.zaborek.com.pl\/sklep\/wp-json\/wp\/v2\/product_cat?post=13049"},{"taxonomy":"product_tag","embeddable":true,"href":"https:\/\/sklep.zaborek.com.pl\/sklep\/wp-json\/wp\/v2\/product_tag?post=13049"}],"curies":[{"name":"wp","href":"https:\/\/api.w.org\/{rel}","templated":true}]}}