{"id":13018,"date":"2022-02-01T16:50:40","date_gmt":"2022-02-01T15:50:40","guid":{"rendered":"https:\/\/sklep.zaborek.com.pl\/sklep\/?post_type=product&#038;p=13018"},"modified":"2026-03-31T16:37:24","modified_gmt":"2026-03-31T14:37:24","slug":"pierogi-z-biala-kielbasa","status":"publish","type":"product","link":"https:\/\/sklep.zaborek.com.pl\/sklep\/produkt\/pierogi-z-biala-kielbasa\/","title":{"rendered":"Pierogi z bia\u0142\u0105 kie\u0142bas\u0105 i chrzanem 0,5kg"},"content":{"rendered":"","protected":false},"excerpt":{"rendered":"<p>Pierogi z bia\u0142\u0105 kie\u0142bas\u0105 i chrzanem &#8211; 0.5 kg<\/p>\n<p>sk\u0142ad: bia\u0142a kie\u0142basa, chrzan, czosnek, m\u0105ka, jajko, s\u00f3l, pieprz, woda, mleko, olej<\/p>\n","protected":false},"featured_media":13019,"template":"","meta":[],"product_brand":[],"product_cat":[603],"product_tag":[348],"class_list":{"0":"post-13018","1":"product","2":"type-product","3":"status-publish","4":"has-post-thumbnail","6":"product_cat-oferta-wielkanocna-2026","7":"product_tag-pierogi-z-biala-kielbasa","10":"first","11":"outofstock","12":"featured","13":"taxable","14":"shipping-taxable","15":"purchasable","16":"product-type-simple"},"aioseo_notices":[],"_links":{"self":[{"href":"https:\/\/sklep.zaborek.com.pl\/sklep\/wp-json\/wp\/v2\/product\/13018","targetHints":{"allow":["GET"]}}],"collection":[{"href":"https:\/\/sklep.zaborek.com.pl\/sklep\/wp-json\/wp\/v2\/product"}],"about":[{"href":"https:\/\/sklep.zaborek.com.pl\/sklep\/wp-json\/wp\/v2\/types\/product"}],"wp:featuredmedia":[{"embeddable":true,"href":"https:\/\/sklep.zaborek.com.pl\/sklep\/wp-json\/wp\/v2\/media\/13019"}],"wp:attachment":[{"href":"https:\/\/sklep.zaborek.com.pl\/sklep\/wp-json\/wp\/v2\/media?parent=13018"}],"wp:term":[{"taxonomy":"product_brand","embeddable":true,"href":"https:\/\/sklep.zaborek.com.pl\/sklep\/wp-json\/wp\/v2\/product_brand?post=13018"},{"taxonomy":"product_cat","embeddable":true,"href":"https:\/\/sklep.zaborek.com.pl\/sklep\/wp-json\/wp\/v2\/product_cat?post=13018"},{"taxonomy":"product_tag","embeddable":true,"href":"https:\/\/sklep.zaborek.com.pl\/sklep\/wp-json\/wp\/v2\/product_tag?post=13018"}],"curies":[{"name":"wp","href":"https:\/\/api.w.org\/{rel}","templated":true}]}}