{"id":11377,"date":"2021-11-16T19:01:47","date_gmt":"2021-11-16T18:01:47","guid":{"rendered":"https:\/\/sklep.zaborek.com.pl\/sklep\/?post_type=product&#038;p=11377"},"modified":"2026-03-31T16:38:01","modified_gmt":"2026-03-31T14:38:01","slug":"pierogi-zaborkowe","status":"publish","type":"product","link":"https:\/\/sklep.zaborek.com.pl\/sklep\/produkt\/pierogi-zaborkowe\/","title":{"rendered":"Pierogi zaborkowe + orzeszki 0,5kg"},"content":{"rendered":"","protected":false},"excerpt":{"rendered":"<p>Pierogi zaborkowe z serem i mi\u0119t\u0105 + pra\u017cone orzeszki &#8211; 0.5 kg<\/p>\n<p>sk\u0142ad: twar\u00f3g, ziemniaki, mi\u0119ta, czosnek nied\u017awiedzi, m\u0105ka, jajko, woda, mleko olej, s\u00f3l, pieprz<\/p>\n","protected":false},"featured_media":11396,"template":"","meta":[],"product_brand":[],"product_cat":[603],"product_tag":[316],"class_list":{"0":"post-11377","1":"product","2":"type-product","3":"status-publish","4":"has-post-thumbnail","6":"product_cat-oferta-wielkanocna-2026","7":"product_tag-pierogi-zaborkowe","10":"first","11":"outofstock","12":"featured","13":"taxable","14":"shipping-taxable","15":"purchasable","16":"product-type-simple"},"aioseo_notices":[],"_links":{"self":[{"href":"https:\/\/sklep.zaborek.com.pl\/sklep\/wp-json\/wp\/v2\/product\/11377","targetHints":{"allow":["GET"]}}],"collection":[{"href":"https:\/\/sklep.zaborek.com.pl\/sklep\/wp-json\/wp\/v2\/product"}],"about":[{"href":"https:\/\/sklep.zaborek.com.pl\/sklep\/wp-json\/wp\/v2\/types\/product"}],"wp:featuredmedia":[{"embeddable":true,"href":"https:\/\/sklep.zaborek.com.pl\/sklep\/wp-json\/wp\/v2\/media\/11396"}],"wp:attachment":[{"href":"https:\/\/sklep.zaborek.com.pl\/sklep\/wp-json\/wp\/v2\/media?parent=11377"}],"wp:term":[{"taxonomy":"product_brand","embeddable":true,"href":"https:\/\/sklep.zaborek.com.pl\/sklep\/wp-json\/wp\/v2\/product_brand?post=11377"},{"taxonomy":"product_cat","embeddable":true,"href":"https:\/\/sklep.zaborek.com.pl\/sklep\/wp-json\/wp\/v2\/product_cat?post=11377"},{"taxonomy":"product_tag","embeddable":true,"href":"https:\/\/sklep.zaborek.com.pl\/sklep\/wp-json\/wp\/v2\/product_tag?post=11377"}],"curies":[{"name":"wp","href":"https:\/\/api.w.org\/{rel}","templated":true}]}}