{"id":7083,"date":"2017-08-24T08:30:36","date_gmt":"2017-08-24T06:30:36","guid":{"rendered":"http:\/\/192.168.0.150\/user5\/WORDPRESS\/demo\/WCM010005\/product-category\/"},"modified":"2026-03-03T21:51:39","modified_gmt":"2026-03-03T20:51:39","slug":"zaborkowy-ryneczek","status":"publish","type":"page","link":"https:\/\/sklep.zaborek.com.pl\/sklep\/","title":{"rendered":"Zaborkowy Ryneczek"},"content":{"rendered":"<div class=\"wpb-content-wrapper\"><p>[vc_row][vc_column el_class=&#8221;category-page&#8221;][vc_column_text css=&#8221;&#8221;]<\/p>\n<h2 style=\"text-align: center;\"><span style=\"color: #993366;\"><a style=\"color: #993366;\" href=\"https:\/\/sklep.zaborek.com.pl\/sklep\/kategoria-produktu\/oferta-wielkanocna-2025\/\">\u015awi\u0105teczna wysy\u0142ka pe\u0142na tradycji<\/a><\/span><\/h2>\n<h3 style=\"text-align: center;\">Si\u0119gnij po nasze lokalne, naturalne produkty, kt\u00f3re przywo\u0142uj\u0105 wspomnienia domowych wypiek\u00f3w i tradycyjnych Wielkanocnych potraw.<\/h3>\n<hr \/>\n<h3 style=\"text-align: center;\">Postaw na smak, jako\u015b\u0107 i lokalne receptury.<\/h3>\n<h3 style=\"text-align: center;\">Zam\u00f3wienia przyjmujemy do <span style=\"color: #ff0000;\">30 marca do godziny 15:00<\/span>, wszystkie wysy\u0142ki realizujemy kolejnego dnia tj. <span style=\"color: #ff0000;\">1 kwietnia<\/span>.<\/h3>\n<h3 style=\"text-align: center;\"><span style=\"color: #ff0000;\">(3 kwietnia catering Bia\u0142a Podlaska i okolice<\/span>)<\/h3>\n<h3 style=\"text-align: center;\"><a href=\"https:\/\/sklep.zaborek.com.pl\/sklep\/kategoria-produktu\/oferta-swiateczna-2025\/\">Zam\u00f3w juz dzi\u015b<\/a> i ciesz si\u0119 \u015awi\u0119tami pe\u0142nymi autentycznych, regionalnych smak\u00f3w!<\/h3>\n<p>[\/vc_column_text][vc_row_inner][vc_column_inner][vc_separator border_width=&#8221;2&#8243; css=&#8221;&#8221;][\/vc_column_inner][\/vc_row_inner][vc_column_text css=&#8221;&#8221;][\/vc_column_text][\/vc_column][vc_column el_class=&#8221;category-page&#8221;]<div class=\"woocommerce columns-4\">\t<ul class=\"products\" >\r\n<li class=\"product-category product first\">\n\t<a aria-label=\"Przejd\u017a do kategorii produktu Oferta Wielkanocna 2026\" href=\"https:\/\/sklep.zaborek.com.pl\/sklep\/kategoria-produktu\/oferta-wielkanocna-2026\/\"><img loading=\"lazy\" decoding=\"async\" src=\"https:\/\/sklep.zaborek.com.pl\/wp-content\/uploads\/2025\/03\/oferta-wielkanocna-2025-327x360.jpg\" alt=\"Oferta Wielkanocna 2026\" width=\"327\" height=\"360\" \/>\t\t<h2 class=\"woocommerce-loop-category__title\">\n\t\t\tOferta Wielkanocna 2026 <mark class=\"count\">(29)<\/mark>\t\t<\/h2>\n\t\t<\/a><\/li>\n<li class=\"product-category product\">\n\t<a aria-label=\"Przejd\u017a do kategorii produktu Przetwory\" href=\"https:\/\/sklep.zaborek.com.pl\/sklep\/kategoria-produktu\/przetwory\/\"><img loading=\"lazy\" decoding=\"async\" src=\"https:\/\/sklep.zaborek.com.pl\/wp-content\/uploads\/2023\/10\/Przetwory-327x360.jpg\" alt=\"Przetwory\" width=\"327\" height=\"360\" \/>\t\t<h2 class=\"woocommerce-loop-category__title\">\n\t\t\tPrzetwory <mark class=\"count\">(3)<\/mark>\t\t<\/h2>\n\t\t<\/a><\/li>\n<li class=\"product-category product\">\n\t<a aria-label=\"Przejd\u017a do kategorii produktu D\u017cemy i konfitury\" href=\"https:\/\/sklep.zaborek.com.pl\/sklep\/kategoria-produktu\/dzemy-konfitury\/\"><img loading=\"lazy\" decoding=\"async\" src=\"https:\/\/sklep.zaborek.com.pl\/wp-content\/uploads\/2023\/10\/Dzemy-i-konfitury-327x360.jpg\" alt=\"D\u017cemy i konfitury\" width=\"327\" height=\"360\" \/>\t\t<h2 class=\"woocommerce-loop-category__title\">\n\t\t\tD\u017cemy i konfitury <mark class=\"count\">(8)<\/mark>\t\t<\/h2>\n\t\t<\/a><\/li>\n<li class=\"product-category product last\">\n\t<a aria-label=\"Przejd\u017a do kategorii produktu Miody\" href=\"https:\/\/sklep.zaborek.com.pl\/sklep\/kategoria-produktu\/miody\/\"><img loading=\"lazy\" decoding=\"async\" src=\"https:\/\/sklep.zaborek.com.pl\/wp-content\/uploads\/2023\/10\/miody-327x360.jpg\" alt=\"Miody\" width=\"327\" height=\"360\" \/>\t\t<h2 class=\"woocommerce-loop-category__title\">\n\t\t\tMiody <mark class=\"count\">(5)<\/mark>\t\t<\/h2>\n\t\t<\/a><\/li>\n<li class=\"product-category product first\">\n\t<a aria-label=\"Przejd\u017a do kategorii produktu Herbaty na r\u00f3\u017cne okazje\" href=\"https:\/\/sklep.zaborek.com.pl\/sklep\/kategoria-produktu\/herbaty-na-rozne-okazje\/\"><img loading=\"lazy\" decoding=\"async\" src=\"https:\/\/sklep.zaborek.com.pl\/wp-content\/uploads\/2023\/10\/herbaty-327x360.jpg\" alt=\"Herbaty na r\u00f3\u017cne okazje\" width=\"327\" height=\"360\" \/>\t\t<h2 class=\"woocommerce-loop-category__title\">\n\t\t\tHerbaty na r\u00f3\u017cne okazje <mark class=\"count\">(16)<\/mark>\t\t<\/h2>\n\t\t<\/a><\/li>\n<li class=\"product-category product\">\n\t<a aria-label=\"Przejd\u017a do kategorii produktu Syropy\" href=\"https:\/\/sklep.zaborek.com.pl\/sklep\/kategoria-produktu\/syropy\/\"><img loading=\"lazy\" decoding=\"async\" src=\"https:\/\/sklep.zaborek.com.pl\/wp-content\/uploads\/2022\/03\/syropy_m-327x360.jpg\" alt=\"Syropy\" width=\"327\" height=\"360\" \/>\t\t<h2 class=\"woocommerce-loop-category__title\">\n\t\t\tSyropy <mark class=\"count\">(4)<\/mark>\t\t<\/h2>\n\t\t<\/a><\/li>\n<li class=\"product-category product\">\n\t<a aria-label=\"Przejd\u017a do kategorii produktu Bony upominkowe\" href=\"https:\/\/sklep.zaborek.com.pl\/sklep\/kategoria-produktu\/bony\/\"><img loading=\"lazy\" decoding=\"async\" src=\"https:\/\/sklep.zaborek.com.pl\/wp-content\/uploads\/2023\/10\/Vouchery-327x360.jpg\" alt=\"Bony upominkowe\" width=\"327\" height=\"360\" \/>\t\t<h2 class=\"woocommerce-loop-category__title\">\n\t\t\tBony upominkowe <mark class=\"count\">(3)<\/mark>\t\t<\/h2>\n\t\t<\/a><\/li>\n<\/ul>\n<\/div>[\/vc_column][\/vc_row][vc_row][vc_column][\/vc_column][\/vc_row]<\/p>\n<\/div>","protected":false},"excerpt":{"rendered":"<p>[vc_row][vc_column el_class=&#8221;category-page&#8221;][vc_column_text css=&#8221;&#8221;] \u015awi\u0105teczna wysy\u0142ka pe\u0142na tradycji Si\u0119gnij po nasze lokalne, naturalne produkty, kt\u00f3re przywo\u0142uj\u0105 wspomnienia domowych wypiek\u00f3w i tradycyjnych Wielkanocnych potraw. Postaw na smak, jako\u015b\u0107 i lokalne receptury. Zam\u00f3wienia przyjmujemy do 30 marca do godziny 15:00, wszystkie wysy\u0142ki realizujemy kolejnego dnia tj. 1 kwietnia. (3 kwietnia catering Bia\u0142a Podlaska i okolice) Zam\u00f3w juz dzi\u015b i ciesz si\u0119 \u015awi\u0119tami pe\u0142nymi autentycznych, regionalnych smak\u00f3w! [\/vc_column_text][vc_row_inner][vc_column_inner][vc_separator border_width=&#8221;2&#8243; css=&#8221;&#8221;][\/vc_column_inner][\/vc_row_inner][vc_column_text css=&#8221;&#8221;][\/vc_column_text][\/vc_column][vc_column el_class=&#8221;category-page&#8221;][\/vc_column][\/vc_row][vc_row][vc_column][\/vc_column][\/vc_row]<\/p>\n","protected":false},"author":1,"featured_media":0,"parent":0,"menu_order":0,"comment_status":"closed","ping_status":"closed","template":"","meta":{"footnotes":""},"class_list":["post-7083","page","type-page","status-publish","hentry"],"aioseo_notices":[],"_links":{"self":[{"href":"https:\/\/sklep.zaborek.com.pl\/sklep\/wp-json\/wp\/v2\/pages\/7083","targetHints":{"allow":["GET"]}}],"collection":[{"href":"https:\/\/sklep.zaborek.com.pl\/sklep\/wp-json\/wp\/v2\/pages"}],"about":[{"href":"https:\/\/sklep.zaborek.com.pl\/sklep\/wp-json\/wp\/v2\/types\/page"}],"author":[{"embeddable":true,"href":"https:\/\/sklep.zaborek.com.pl\/sklep\/wp-json\/wp\/v2\/users\/1"}],"replies":[{"embeddable":true,"href":"https:\/\/sklep.zaborek.com.pl\/sklep\/wp-json\/wp\/v2\/comments?post=7083"}],"version-history":[{"count":151,"href":"https:\/\/sklep.zaborek.com.pl\/sklep\/wp-json\/wp\/v2\/pages\/7083\/revisions"}],"predecessor-version":[{"id":18416,"href":"https:\/\/sklep.zaborek.com.pl\/sklep\/wp-json\/wp\/v2\/pages\/7083\/revisions\/18416"}],"wp:attachment":[{"href":"https:\/\/sklep.zaborek.com.pl\/sklep\/wp-json\/wp\/v2\/media?parent=7083"}],"curies":[{"name":"wp","href":"https:\/\/api.w.org\/{rel}","templated":true}]}}